{"id":3,"date":"2025-02-27T20:28:11","date_gmt":"2025-02-27T20:28:11","guid":{"rendered":"https:\/\/emoby.ca\/?page_id=3"},"modified":"2025-03-13T10:35:52","modified_gmt":"2025-03-13T15:35:52","slug":"politique-de-confidentialite","status":"publish","type":"page","link":"https:\/\/emoby.ca\/en\/politique-de-confidentialite\/","title":{"rendered":"Politique de confidentialit\u00e9"},"content":{"rendered":"<h2 class=\"wp-block-heading\">Qui nous sommes<\/h2>\n\n\n\n<p>L\u2019adresse de notre site Web: https:\/\/emoby.ca<\/p>\n\n\n\n<p>Notre Web a \u00e9t\u00e9 modifi\u00e9 par&nbsp;<a href=\"https:\/\/technoredac.ca\/\" target=\"_blank\" rel=\"noreferrer noopener\">Solutions Techno-R\u00e9dac inc.<\/a>&nbsp;et est h\u00e9berg\u00e9 par&nbsp;<a href=\"https:\/\/client.technocloud.ca\/\" target=\"_blank\" rel=\"noreferrer noopener\">Techno-Cloud Solutions<\/a>.<\/p>\n\n\n\n<h2 class=\"wp-block-heading\">Consentement<\/h2>\n\n\n\n<p>En utilisant notre site web, vous consentez par la pr\u00e9sente \u00e0 notre politique de confidentialit\u00e9 et acceptez ses conditions.<\/p>\n\n\n\n<h2 class=\"wp-block-heading\">Informations que nous recueillons<\/h2>\n\n\n\n<p>Les informations personnelles que l\u2019on vous demande de fournir, et les raisons pour lesquelles on vous demande de les fournir, vous seront pr\u00e9cis\u00e9es au moment o\u00f9 nous vous demanderons de fournir vos informations personnelles.<\/p>\n\n\n\n<p>Si vous nous contactez directement, nous pouvons recevoir des informations suppl\u00e9mentaires vous concernant, telles que votre nom, votre adresse \u00e9lectronique, votre num\u00e9ro de t\u00e9l\u00e9phone, le contenu du message et\/ou des pi\u00e8ces jointes que vous pouvez nous envoyer, et toute autre information que vous pouvez choisir de fournir.<\/p>\n\n\n\n<p>Lorsque vous vous inscrivez \u00e0 un compte, nous pouvons vous demander vos coordonn\u00e9es, notamment votre nom, le nom de votre soci\u00e9t\u00e9, votre adresse, votre adresse \u00e9lectronique et votre num\u00e9ro de t\u00e9l\u00e9phone.<\/p>\n\n\n\n<h2 class=\"wp-block-heading\">Comment nous collectons vos informations<\/h2>\n\n\n\n<p>Nous utilisons les informations que nous recueillons de diverses mani\u00e8res, notamment pour :<\/p>\n\n\n\n<ul class=\"wp-block-list\">\n<li>fournir, exploiter et entretenir notre site web;<\/li>\n\n\n\n<li>am\u00e9liorer, personnaliser et d\u00e9velopper notre site web;<\/li>\n\n\n\n<li>comprendre et analyser la fa\u00e7on dont vous utilisez notre site web<br>d\u00e9velopper de nouveaux produits, services, caract\u00e9ristiques et fonctionnalit\u00e9s;<\/li>\n\n\n\n<li>communiquer avec vous, soit directement, soit par l\u2019interm\u00e9diaire de l\u2019un de nos partenaires, notamment dans le cadre du service client\u00e8le, pour vous fournir des mises \u00e0 jour et d\u2019autres informations relatives \u00e0 notre site Web, ainsi qu\u2019\u00e0 des fins de marketing et de promotion;<\/li>\n\n\n\n<li>vous envoyer des courriers \u00e9lectroniques<br>trouver et pr\u00e9venir les fraudes.<\/li>\n<\/ul>\n\n\n\n<p><\/p>\n\n\n\n<p><\/p>\n\n\n\n<h2 class=\"wp-block-heading\">Comment nous utilisons vos informations<\/h2>\n\n\n\n<p>Nous suivons une proc\u00e9dure standard d\u2019utilisation de fichiers journaux. Ces fichiers enregistrent les visiteurs lorsqu\u2019ils visitent les sites Web. Toutes les soci\u00e9t\u00e9s d\u2019h\u00e9bergement le font et cela fait partie de l\u2019analyse des services d\u2019h\u00e9bergement. Les informations recueillies par les fichiers journaux comprennent les adresses de protocole Internet (IP), le type de navigateur, le fournisseur d\u2019acc\u00e8s Internet (FAI), la date et l\u2019heure, les pages de r\u00e9f\u00e9rence et de sortie, et \u00e9ventuellement le nombre de clics. Ces donn\u00e9es ne sont pas li\u00e9es \u00e0 des informations permettant d\u2019identifier une personne. L\u2019objectif de ces informations est d\u2019analyser les tendances, d\u2019administrer le site, de suivre les mouvements des utilisateurs sur le site et de recueillir des informations d\u00e9mographiques.<\/p>\n\n\n\n<h2 class=\"wp-block-heading\">Cookies et balises Web<\/h2>\n\n\n\n<p>Comme tout autre site Web, Emoby utilise des \u201ccookies\u201d. Ces cookies sont utilis\u00e9s pour stocker des informations, y compris les pr\u00e9f\u00e9rences des visiteurs, et les pages du site Web que le visiteur a consult\u00e9es ou visit\u00e9es. Ces informations sont utilis\u00e9es pour optimiser l\u2019exp\u00e9rience des utilisateurs en personnalisant le contenu de nos pages web en fonction du type de navigateur des visiteurs et\/ou d\u2019autres informations.<\/p>\n\n\n\n<h2 class=\"wp-block-heading\">Politiques de confidentialit\u00e9 des tiers<\/h2>\n\n\n\n<p>La politique de confidentialit\u00e9 de Pi-Titan ne s\u2019applique pas aux autres annonceurs ou sites web. Ainsi, nous vous conseillons de consulter les politiques de confidentialit\u00e9 respectives de ces serveurs publicitaires tiers pour obtenir des informations plus d\u00e9taill\u00e9es. Cela peut inclure leurs pratiques et des instructions sur la fa\u00e7on de refuser certaines options.<\/p>\n\n\n\n<p>Vous pouvez choisir de d\u00e9sactiver les cookies par le biais des options de votre navigateur individuel. Pour conna\u00eetre des informations plus d\u00e9taill\u00e9es sur la gestion des cookies avec des navigateurs Web sp\u00e9cifiques, vous pouvez consulter les sites web respectifs de ces navigateurs.<\/p>\n\n\n\n<h2 class=\"wp-block-heading\">Droits de protection des donn\u00e9es GDPR<\/h2>\n\n\n\n<p>Nous souhaitons nous assurer que vous \u00eates pleinement conscient de tous vos droits en mati\u00e8re de protection des donn\u00e9es. Chaque utilisateur a les droits suivants&nbsp;:<\/p>\n\n\n\n<ul class=\"wp-block-list\">\n<li>Le droit d\u2019acc\u00e8s \u2013 Vous avez le droit de demander des copies de vos donn\u00e9es personnelles. Il se peut que nous vous facturions une petite somme pour ce service.<\/li>\n\n\n\n<li>Le droit de rectification \u2013 Vous avez le droit de nous demander de corriger toute information que vous jugez inexacte. Vous avez \u00e9galement le droit de nous demander de compl\u00e9ter les informations qui, selon vous, sont incompl\u00e8tes.<\/li>\n\n\n\n<li>Le droit \u00e0 l\u2019effacement \u2013 Vous avez le droit de nous demander d\u2019effacer vos donn\u00e9es personnelles, sous certaines conditions.<\/li>\n\n\n\n<li>Le droit de restreindre le traitement \u2013 Vous avez le droit de nous demander de restreindre le traitement de vos donn\u00e9es personnelles, sous certaines conditions.<\/li>\n\n\n\n<li>Le droit de s\u2019opposer au traitement \u2013 Vous avez le droit de vous opposer au traitement de vos donn\u00e9es personnelles, sous certaines conditions.<\/li>\n\n\n\n<li>Le droit \u00e0 la portabilit\u00e9 des donn\u00e9es \u2013 Vous avez le droit de nous demander de transf\u00e9rer les donn\u00e9es que nous avons recueillies \u00e0 une autre organisation ou directement \u00e0 vous, sous certaines conditions.<\/li>\n<\/ul>\n\n\n\n<p>Si vous faites une demande, nous avons un mois pour vous r\u00e9pondre. Si vous souhaitez exercer l\u2019un de ces droits, veuillez nous contacter.<\/p>\n\n\n\n<h2 class=\"wp-block-heading\">Contact<\/h2>\n\n\n\n<p>Un membre de notre organisation a \u00e9t\u00e9 d\u00e9sign\u00e9 pour \u00eatre responsable de la protection des renseignements personnels, en assurer la mise en place et le respect de notre politique de confidentialit\u00e9.<\/p>\n\n\n\n<p>Vous pouvez contacter notre responsable de la protection des renseignements personnels:<\/p>\n\n\n\n<p>Martin St-Gelais (Pr\u00e9sident de l\u2019entreprise)<\/p>\n\n\n\n<p>\u00e0 l\u2019adresse courriel\u00a0<a href=\"mailto:info@emoby.ca\" target=\"_blank\" rel=\"noreferrer noopener\">info@emoby.ca<\/a>\u00a0en mentionnant pour\u00a0<strong>objet :\u00a0<em>Renseignements personnels.<\/em><\/strong><\/p>\n\n\n\n<p>Pour toute question ou commentaire au sujet des renseignements et de l\u2019application de la loi 25 par notre organisation, n\u2019h\u00e9sitez pas \u00e0 faire appel \u00e0 notre responsable de la protection des renseignements personnels.<\/p>","protected":false},"excerpt":{"rendered":"<p>Qui nous sommes L\u2019adresse de notre site Web: https:\/\/emoby.ca Notre Web a \u00e9t\u00e9 modifi\u00e9 par&nbsp;Solutions Techno-R\u00e9dac inc.&nbsp;et est h\u00e9berg\u00e9 par&nbsp;Techno-Cloud Solutions. Consentement En utilisant notre site web, vous consentez par la pr\u00e9sente \u00e0 notre politique de confidentialit\u00e9 et acceptez ses conditions. Informations que nous recueillons Les informations personnelles que l\u2019on vous demande de fournir, et [&hellip;]<\/p>","protected":false},"author":1,"featured_media":0,"parent":0,"menu_order":0,"comment_status":"closed","ping_status":"closed","template":"","meta":{"_et_pb_use_builder":"","_et_pb_old_content":"","_et_gb_content_width":"","footnotes":""},"class_list":["post-3","page","type-page","status-publish","hentry"],"_links":{"self":[{"href":"https:\/\/emoby.ca\/en\/wp-json\/wp\/v2\/pages\/3","targetHints":{"allow":["GET"]}}],"collection":[{"href":"https:\/\/emoby.ca\/en\/wp-json\/wp\/v2\/pages"}],"about":[{"href":"https:\/\/emoby.ca\/en\/wp-json\/wp\/v2\/types\/page"}],"author":[{"embeddable":true,"href":"https:\/\/emoby.ca\/en\/wp-json\/wp\/v2\/users\/1"}],"replies":[{"embeddable":true,"href":"https:\/\/emoby.ca\/en\/wp-json\/wp\/v2\/comments?post=3"}],"version-history":[{"count":2,"href":"https:\/\/emoby.ca\/en\/wp-json\/wp\/v2\/pages\/3\/revisions"}],"predecessor-version":[{"id":100659,"href":"https:\/\/emoby.ca\/en\/wp-json\/wp\/v2\/pages\/3\/revisions\/100659"}],"wp:attachment":[{"href":"https:\/\/emoby.ca\/en\/wp-json\/wp\/v2\/media?parent=3"}],"curies":[{"name":"wp","href":"https:\/\/api.w.org\/{rel}","templated":true}]}}