{"id":97904,"date":"2024-10-18T10:45:05","date_gmt":"2024-10-18T10:45:05","guid":{"rendered":"https:\/\/themes.diviplus.io\/electrician\/?page_id=15"},"modified":"2025-10-29T07:47:59","modified_gmt":"2025-10-29T12:47:59","slug":"accueil","status":"publish","type":"page","link":"https:\/\/emoby.ca\/en\/","title":{"rendered":"Accueil"},"content":{"rendered":"<p>[et_pb_section fb_built=\u00a0\u00bb1&Prime; custom_padding_last_edited=\u00a0\u00bbon|phone\u00a0\u00bb _builder_version=\u00a0\u00bb4.27.4&Prime; _module_preset=\u00a0\u00bbdefault\u00a0\u00bb background_color=\u00a0\u00bbrgba(0,0,0,0.55)\u00a0\u00bb background_image=\u00a0\u00bbhttps:\/\/emoby.ca\/wp-content\/uploads\/2025\/03\/IMG_2332.webp\u00a0\u00bb background_blend=\u00a0\u00bboverlay\u00a0\u00bb custom_padding=\u00a0\u00bb100px||100px||true|false\u00a0\u00bb custom_padding_tablet=\u00a0\u00bb40px||40px||true|false\u00a0\u00bb custom_padding_phone=\u00a0\u00bb20px||20px||true|false\u00a0\u00bb global_colors_info=\u00a0\u00bb{}\u00a0\u00bb][et_pb_row column_structure=\u00a0\u00bb2_5,3_5&Prime; _builder_version=\u00a0\u00bb4.27.2&Prime; _module_preset=\u00a0\u00bbdefault\u00a0\u00bb global_colors_info=\u00a0\u00bb{}\u00a0\u00bb][et_pb_column type=\u00a0\u00bb2_5&Prime; _builder_version=\u00a0\u00bb4.27.2&Prime; _module_preset=\u00a0\u00bbdefault\u00a0\u00bb global_colors_info=\u00a0\u00bb{}\u00a0\u00bb][\/et_pb_column][et_pb_column type=\u00a0\u00bb3_5&Prime; _builder_version=\u00a0\u00bb4.27.2&Prime; _module_preset=\u00a0\u00bbdefault\u00a0\u00bb global_colors_info=\u00a0\u00bb{}\u00a0\u00bb][dipl_text_animator prefix_text=\u00a0\u00bbLe meilleur des quadriporteurs\u00a0\u00bb animated_text=\u00a0\u00bbPlusieurs couleurs offertes | Puissant | Tout \u00e9quip\u00e9\u00a0\u00bb display_tag=\u00a0\u00bbh1&Prime; animation_layout=\u00a0\u00bbwipe\u00a0\u00bb animation_hold=\u00a0\u00bb3000ms\u00a0\u00bb stop_animation_on_hover=\u00a0\u00bbon\u00a0\u00bb admin_label=\u00a0\u00bbPowering Your Home with Confidence\u00a0\u00bb _builder_version=\u00a0\u00bb4.27.4&Prime; _module_preset=\u00a0\u00bbdefault\u00a0\u00bb pre_and_post_text_font=\u00a0\u00bb|600|||||||\u00a0\u00bb pre_and_post_text_text_color=\u00a0\u00bb#209D24&Prime; pre_and_post_text_font_size=\u00a0\u00bb54px\u00a0\u00bb main_text_font=\u00a0\u00bb|600|||||||\u00a0\u00bb main_text_text_color=\u00a0\u00bb#FFFFFF\u00a0\u00bb main_text_font_size=\u00a0\u00bb54px\u00a0\u00bb hover_enabled=\u00a0\u00bb0&Prime; pre_and_post_text_font_size_tablet=\u00a0\u00bb46px\u00a0\u00bb pre_and_post_text_font_size_phone=\u00a0\u00bb40px\u00a0\u00bb pre_and_post_text_font_size_last_edited=\u00a0\u00bbon|phone\u00a0\u00bb main_text_font_size_tablet=\u00a0\u00bb46px\u00a0\u00bb main_text_font_size_phone=\u00a0\u00bb40px\u00a0\u00bb main_text_font_size_last_edited=\u00a0\u00bbon|phone\u00a0\u00bb global_colors_info=\u00a0\u00bb{}\u00a0\u00bb sticky_enabled=\u00a0\u00bb0&Prime;][\/dipl_text_animator][et_pb_text _builder_version=\u00a0\u00bb4.27.4&Prime; _module_preset=\u00a0\u00bbdefault\u00a0\u00bb text_font=\u00a0\u00bb||||||||\u00a0\u00bb text_text_color=\u00a0\u00bb#FFFFFF\u00a0\u00bb text_letter_spacing=\u00a0\u00bb1px\u00a0\u00bb custom_margin=\u00a0\u00bb||30px||false|false\u00a0\u00bb global_colors_info=\u00a0\u00bb{}\u00a0\u00bb]<\/p>\n<p><span>D\u00e9couvrez notre tout dernier assortiment de quadriporteurs Emoby, plus \u00e9quip\u00e9s et dot\u00e9s d&rsquo;une puissance sup\u00e9rieure par rapport aux autres mod\u00e8les de la m\u00eame gamme. De plus, nous proposons une vaste s\u00e9lection de mod\u00e8les et de couleurs, et offrons la livraison gratuite partout au Canada.<\/span><\/p>\n<p>[\/et_pb_text][et_pb_button button_url=\u00a0\u00bbhttps:\/\/emoby.ca\/boutique\u00a0\u00bb button_text=\u00a0\u00bbD\u00e9couvrez nos produits\u00a0\u00bb _builder_version=\u00a0\u00bb4.27.4&Prime; _module_preset=\u00a0\u00bbdefault\u00a0\u00bb custom_button=\u00a0\u00bbon\u00a0\u00bb button_border_width=\u00a0\u00bb0px\u00a0\u00bb custom_padding=\u00a0\u00bb20px|40px|20px|40px|true|true\u00a0\u00bb global_colors_info=\u00a0\u00bb{}\u00a0\u00bb][\/et_pb_button][\/et_pb_column][\/et_pb_row][\/et_pb_section][et_pb_section fb_built=\u00a0\u00bb1&Prime; _builder_version=\u00a0\u00bb4.27.2&Prime; _module_preset=\u00a0\u00bbdefault\u00a0\u00bb global_colors_info=\u00a0\u00bb{}\u00a0\u00bb][et_pb_row column_structure=\u00a0\u00bb1_2,1_2&Prime; _builder_version=\u00a0\u00bb4.27.2&Prime; _module_preset=\u00a0\u00bbdefault\u00a0\u00bb global_colors_info=\u00a0\u00bb{}\u00a0\u00bb][et_pb_column type=\u00a0\u00bb1_2&Prime; _builder_version=\u00a0\u00bb4.27.2&Prime; _module_preset=\u00a0\u00bbdefault\u00a0\u00bb global_colors_info=\u00a0\u00bb{}\u00a0\u00bb][et_pb_image src=\u00a0\u00bbhttps:\/\/emoby.ca\/wp-content\/uploads\/2025\/03\/IMG_2414.webp\u00a0\u00bb title_text=\u00a0\u00bbIMG_2414&Prime; _builder_version=\u00a0\u00bb4.27.4&Prime; _module_preset=\u00a0\u00bbdefault\u00a0\u00bb global_colors_info=\u00a0\u00bb{}\u00a0\u00bb][\/et_pb_image][\/et_pb_column][et_pb_column type=\u00a0\u00bb1_2&Prime; _builder_version=\u00a0\u00bb4.27.2&Prime; _module_preset=\u00a0\u00bbdefault\u00a0\u00bb global_colors_info=\u00a0\u00bb{}\u00a0\u00bb][et_pb_heading title=\u00a0\u00bb\u00c0 propos de nous\u00a0\u00bb admin_label=\u00a0\u00bbAbout Us\u00a0\u00bb _builder_version=\u00a0\u00bb4.27.4&Prime; _module_preset=\u00a0\u00bbdefault\u00a0\u00bb title_level=\u00a0\u00bbh6&Prime; title_font=\u00a0\u00bb|600|||||||\u00a0\u00bb title_text_align=\u00a0\u00bbleft\u00a0\u00bb title_text_color=\u00a0\u00bb#000000&Prime; title_font_size=\u00a0\u00bb20px\u00a0\u00bb custom_margin=\u00a0\u00bb||10px||false|false\u00a0\u00bb title_font_size_tablet=\u00a0\u00bb18px\u00a0\u00bb title_font_size_phone=\u00a0\u00bb18px\u00a0\u00bb title_font_size_last_edited=\u00a0\u00bbon|desktop\u00a0\u00bb global_colors_info=\u00a0\u00bb{}\u00a0\u00bb][\/et_pb_heading][dipl_double_color_heading heading_pre_part=\u00a0\u00bbEmoby,\u00a0\u00bb heading_main_part=\u00a0\u00bbce ne sont pas que des quadriporteurs\u00a0\u00bb admin_label=\u00a0\u00bbTrusted Electrical Experts Committed to Your Safety\u00a0\u00bb _builder_version=\u00a0\u00bb4.27.4&Prime; _module_preset=\u00a0\u00bbdefault\u00a0\u00bb global_heading_settings_text_align=\u00a0\u00bbleft\u00a0\u00bb pre_header_font=\u00a0\u00bb|600|||||||\u00a0\u00bb pre_header_font_size=\u00a0\u00bb34px\u00a0\u00bb main_header_font=\u00a0\u00bb|600|||||||\u00a0\u00bb main_header_text_color=\u00a0\u00bb#000000&Prime; main_header_font_size=\u00a0\u00bb34px\u00a0\u00bb pre_header_font_size_tablet=\u00a0\u00bb36px\u00a0\u00bb pre_header_font_size_phone=\u00a0\u00bb30px\u00a0\u00bb pre_header_font_size_last_edited=\u00a0\u00bbon|desktop\u00a0\u00bb main_header_font_size_tablet=\u00a0\u00bb36px\u00a0\u00bb main_header_font_size_phone=\u00a0\u00bb30px\u00a0\u00bb main_header_font_size_last_edited=\u00a0\u00bbon|desktop\u00a0\u00bb global_colors_info=\u00a0\u00bb{}\u00a0\u00bb][\/dipl_double_color_heading][et_pb_text _builder_version=\u00a0\u00bb4.27.4&Prime; _module_preset=\u00a0\u00bbdefault\u00a0\u00bb text_letter_spacing=\u00a0\u00bb1px\u00a0\u00bb custom_margin=\u00a0\u00bb||40px||false|false\u00a0\u00bb global_colors_info=\u00a0\u00bb{}\u00a0\u00bb]<\/p>\n<p>Emoby est une entreprise reconnue pour sa sp\u00e9cialisation dans la vente de quadriporteurs de haute qualit\u00e9. Depuis plusieurs ann\u00e9es, nous sommes d\u00e9di\u00e9s \u00e0 offrir \u00e0 nos clients des produits qui allient robustesse et design sophistiqu\u00e9. Chaque mod\u00e8le est le fruit d&rsquo;une ing\u00e9nierie pr\u00e9cise, garantissant une exp\u00e9rience de conduite s\u00e9curis\u00e9e et confortable.<\/p>\n<p>La puissance de nos appareils constitue l&rsquo;un des atouts majeurs de notre gamme. Nos quadriporteurs sont con\u00e7us pour assurer des d\u00e9placements fluides et efficaces, peu importe le type de terrain. Nous nous engageons \u00e0 fournir des solutions de mobilit\u00e9 qui transforment le quotidien de nos utilisateurs en leur apportant s\u00e9curit\u00e9 et autonomie.<\/p>\n<p>Choisir Emoby, c&rsquo;est opter pour la fiabilit\u00e9 et l&rsquo;innovation. Notre service client\u00e8le se distingue par son attention aux besoins des clients, assurant un accompagnement de qualit\u00e9 \u00e0 chaque \u00e9tape. Laissez-nous am\u00e9liorer votre mobilit\u00e9 avec des quadriporteurs qui r\u00e9pondent \u00e0 vos attentes les plus \u00e9lev\u00e9es.<\/p>\n<p>[\/et_pb_text][et_pb_button button_url=\u00a0\u00bbhttps:\/\/emoby.ca\/boutique\u00a0\u00bb button_text=\u00a0\u00bbVisiter notre boutique\u00a0\u00bb _builder_version=\u00a0\u00bb4.27.4&Prime; _module_preset=\u00a0\u00bbdefault\u00a0\u00bb custom_button=\u00a0\u00bbon\u00a0\u00bb button_border_width=\u00a0\u00bb0px\u00a0\u00bb custom_padding=\u00a0\u00bb20px|40px|20px|40px|true|true\u00a0\u00bb global_colors_info=\u00a0\u00bb{}\u00a0\u00bb][\/et_pb_button][\/et_pb_column][\/et_pb_row][\/et_pb_section]<\/p>","protected":false},"excerpt":{"rendered":"<p><div class=\"et_pb_module dipl_text_animator dipl_text_animator_0\">\n\t\t\t\t\n\t\t\t\t\n\t\t\t\t\n\t\t\t\t\n\t\t\t\t\n\t\t\t\t\n\t\t\t\t<div class=\"et_pb_module_inner\">\n\t\t\t\t\t<div class=\"animated_text_wrapper dipl-wipe\">\n\t\t\t\t<h1>\n\t\t\t\t<span class=\"pre_text_wrapper dipl_pre_post\">Le meilleur des quadriporteurs<\/span>\n\t\t\t\t<span\n\t\t\t\t\tclass=\"animated_text dipl_main_part\" \n\t\t\t\t\tdata-wait-time=\"3000\"\n\t\t\t\t\tdata-animation-time=\"500\"\n\t\t\t\t\tdata-text=\"Plusieurs couleurs offertes | Puissant | Tout \u00e9quip\u00e9\"\n\t\t\t\t\tdata-stop-animation-on-hover=\"on\"\n\t\t\t\t\tdata-animate-only-once=\"off\"\n\t\t\t\t>Plusieurs couleurs offertes <\/span>\n\t\t\t\t\n\t\t\t\t<\/h1>\n\t\t\t<\/div>\n\t\t\t\t<\/div>\n\t\t\t<\/div>D\u00e9couvrez notre tout dernier assortiment de quadriporteurs Emoby, plus \u00e9quip\u00e9s et dot\u00e9s d&rsquo;une puissance sup\u00e9rieure par rapport [&hellip;]<\/p>","protected":false},"author":1,"featured_media":0,"parent":0,"menu_order":0,"comment_status":"closed","ping_status":"closed","template":"","meta":{"_et_pb_use_builder":"on","_et_pb_old_content":"","_et_gb_content_width":"","footnotes":""},"class_list":["post-97904","page","type-page","status-publish","hentry"],"_links":{"self":[{"href":"https:\/\/emoby.ca\/en\/wp-json\/wp\/v2\/pages\/97904","targetHints":{"allow":["GET"]}}],"collection":[{"href":"https:\/\/emoby.ca\/en\/wp-json\/wp\/v2\/pages"}],"about":[{"href":"https:\/\/emoby.ca\/en\/wp-json\/wp\/v2\/types\/page"}],"author":[{"embeddable":true,"href":"https:\/\/emoby.ca\/en\/wp-json\/wp\/v2\/users\/1"}],"replies":[{"embeddable":true,"href":"https:\/\/emoby.ca\/en\/wp-json\/wp\/v2\/comments?post=97904"}],"version-history":[{"count":49,"href":"https:\/\/emoby.ca\/en\/wp-json\/wp\/v2\/pages\/97904\/revisions"}],"predecessor-version":[{"id":100649,"href":"https:\/\/emoby.ca\/en\/wp-json\/wp\/v2\/pages\/97904\/revisions\/100649"}],"wp:attachment":[{"href":"https:\/\/emoby.ca\/en\/wp-json\/wp\/v2\/media?parent=97904"}],"curies":[{"name":"wp","href":"https:\/\/api.w.org\/{rel}","templated":true}]}}