{"id":100507,"date":"2025-03-03T16:02:45","date_gmt":"2025-03-03T21:02:45","guid":{"rendered":"https:\/\/emoby.ca\/?post_type=product&#038;p=100507"},"modified":"2026-01-20T16:00:11","modified_gmt":"2026-01-20T21:00:11","slug":"quadriporteur-emoby-x1000","status":"publish","type":"product","link":"https:\/\/emoby.ca\/en\/product\/quadriporteur-emoby-x1000\/","title":{"rendered":"Quadriporteur Emoby XL1000 &#038; XL1000T"},"content":{"rendered":"<ul>\n<li>D\u00e9couvrez le Nouveau et Puissant Quadriporteur X1000 de la Marque Emoby<\/li>\n<\/ul>\n<p>Vous \u00eates \u00e0 la recherche d&rsquo;un quadriporteur fiable et puissant pour am\u00e9liorer votre mobilit\u00e9 quotidienne ? Ne cherchez plus ! Emoby se surpasse avec le tout nouveau et puissant Quadriporteur X1000 60V 1000W disponible \u00e0 la vente \u00e0 un prix incroyable!<\/p>\n<ul>\n<li>\ud83d\udd39Le prix inclut la livraison gratuite partout au Canada \ud83c\udf41<\/li>\n<li>\ud83d\udd39Roues: 300-10<\/li>\n<li>\ud83d\udd39Dimensions: 1550x690x1100mm<\/li>\n<li>\ud83d\udd39Poids: 85KG (hors batterie)<\/li>\n<li>\ud83d\udd39Poids de la Batterie: 6,5KG x 5<\/li>\n<li>\ud83d\udd39Capacit\u00e9 de Charge: 150KG<\/li>\n<li>\ud83d\udd39Syst\u00e8me de son inclus<\/li>\n<li>\ud83d\udd39Batterie lithium 60V 32AH (temps de charge environ 1 heure<\/li>\n<li>\ud83d\udd39Tableau de bord LCD<\/li>\n<li>\ud83d\udd39**Options de Toit:** Sans toit ou avec toit<strong> (Version XL1000T)<\/strong><\/li>\n<\/ul>\n<p>\u2705 All models from the X1000 series are equipped with electromagnetic brakes<\/p>\n<p>Caract\u00e9ristiques cl\u00e9s :<\/p>\n<ul>\n<li>Moteur: 1000W (moteur diff\u00e9rentiel sans balais arri\u00e8re)<\/li>\n<li>Roues anti-basculement<\/li>\n<li>Alarme \u00e0 distance<\/li>\n<li>Panier arri\u00e8re<\/li>\n<li>Si\u00e8ge grand et confortable<\/li>\n<li><\/li>\n<li>Vitesse Max: 25KM\/h (COC 25KM\/h)<\/li>\n<li>Rayon de Braquage Min: 1200mm<\/li>\n<li>Garde au sol Min: 110mm<\/li>\n<li>Autonomie Continue: 50KM<\/li>\n<li>Chargeur: 60V 3A (type intelligent \u00e0 trois sections)<\/li>\n<li>Temps de Charge: 6-8 heures (environ 1 heure avec la batterie lithium)<\/li>\n<li>Capacit\u00e9 d&rsquo;Escalade: 20\u00b0<\/li>\n<li>Pi\u00e8ces Suppl\u00e9mentaires: Ceinture de S\u00e9curit\u00e9, Panier Arri\u00e8re<\/li>\n<li>Emballage: HOB+CARTON<\/li>\n<li>Poids Net\/Brut: 85\/120KG<\/li>\n<li>Sp\u00e9cifications de la Bo\u00eete: 1410x760x770mm<\/li>\n<\/ul>\n<p>&nbsp;<\/p>\n<p>Ce scooter de mobilit\u00e9 est parfait pour toute personne ayant besoin d&rsquo;une aide suppl\u00e9mentaire \u00e0 la mobilit\u00e9. Avec son moteur puissant de 1000W, son si\u00e8ge confortable, et une foule de fonctionnalit\u00e9s suppl\u00e9mentaires, ce scooter est con\u00e7u pour le confort, la performance et la commodit\u00e9. Choisissez parmi diverses options de couleurs et de batterie, et optez pour un mod\u00e8le avec ou sans toit selon vos pr\u00e9f\u00e9rences.<\/p>\n<p>Ne manquez pas cette incroyable affaire! Procurez-vous le v\u00f4tre d\u00e8s aujourd&rsquo;hui et d\u00e9couvrez la libert\u00e9 de mobilit\u00e9 comme jamais auparavant!<\/p>\n<p>\ud83d\udce9 Contactez-nous pour plus d&rsquo;informations ou pour effectuer un achat!<\/p>","protected":false},"excerpt":{"rendered":"<p>D\u00e9couvrez le Nouveau et Puissant Quadriporteur X1000 de la Marque Emoby Vous \u00eates \u00e0 la recherche d&rsquo;un quadriporteur fiable et puissant pour am\u00e9liorer votre mobilit\u00e9 quotidienne ? Ne cherchez plus ! Emoby se surpasse avec le tout nouveau et puissant Quadriporteur X1000 60V 1000W disponible \u00e0 la vente \u00e0 un prix incroyable! \ud83d\udd39Le prix inclut [&hellip;]<\/p>","protected":false},"featured_media":100903,"comment_status":"open","ping_status":"closed","template":"","meta":{"_et_pb_use_builder":"","_et_pb_old_content":"","_et_gb_content_width":""},"product_brand":[],"product_cat":[24],"product_tag":[],"class_list":{"0":"post-100507","1":"product","2":"type-product","3":"status-publish","4":"has-post-thumbnail","6":"product_cat-quadriporteur","7":"tm-has-options","9":"first","10":"instock","11":"taxable","12":"shipping-taxable","13":"purchasable","14":"product-type-variable"},"_links":{"self":[{"href":"https:\/\/emoby.ca\/en\/wp-json\/wp\/v2\/product\/100507","targetHints":{"allow":["GET"]}}],"collection":[{"href":"https:\/\/emoby.ca\/en\/wp-json\/wp\/v2\/product"}],"about":[{"href":"https:\/\/emoby.ca\/en\/wp-json\/wp\/v2\/types\/product"}],"replies":[{"embeddable":true,"href":"https:\/\/emoby.ca\/en\/wp-json\/wp\/v2\/comments?post=100507"}],"wp:featuredmedia":[{"embeddable":true,"href":"https:\/\/emoby.ca\/en\/wp-json\/wp\/v2\/media\/100903"}],"wp:attachment":[{"href":"https:\/\/emoby.ca\/en\/wp-json\/wp\/v2\/media?parent=100507"}],"wp:term":[{"taxonomy":"product_brand","embeddable":true,"href":"https:\/\/emoby.ca\/en\/wp-json\/wp\/v2\/product_brand?post=100507"},{"taxonomy":"product_cat","embeddable":true,"href":"https:\/\/emoby.ca\/en\/wp-json\/wp\/v2\/product_cat?post=100507"},{"taxonomy":"product_tag","embeddable":true,"href":"https:\/\/emoby.ca\/en\/wp-json\/wp\/v2\/product_tag?post=100507"}],"curies":[{"name":"wp","href":"https:\/\/api.w.org\/{rel}","templated":true}]}}